{"id":489,"date":"2015-09-02T15:13:35","date_gmt":"2015-09-02T15:13:35","guid":{"rendered":"http:\/\/ifbarcelona.cat\/?page_id=489"},"modified":"2024-10-23T08:40:40","modified_gmt":"2024-10-23T08:40:40","slug":"programacio","status":"publish","type":"page","link":"https:\/\/ifbarcelona.cat\/en\/","title":{"rendered":"Programming"},"content":{"rendered":"<p class=\"qtranxs-available-languages-message qtranxs-available-languages-message-en\">Sorry, this entry is only available in <a href=\"https:\/\/ifbarcelona.cat\/es\/wp-json\/wp\/v2\/pages\/489\" class=\"qtranxs-available-language-link qtranxs-available-language-link-es\" title=\"ESP\">ESP<\/a>.<\/p><p><img decoding=\"async\" class=\"alignnone wp-image-2438 size-full\" src=\"https:\/\/ifbarcelona.cat\/wp-content\/uploads\/2024\/10\/IF2024_capcalera_WEB_v2.svg\" alt=\"\" \/><\/p>","protected":false},"excerpt":{"rendered":"<p>Sorry, this entry is only available in ESP.<\/p>\n","protected":false},"author":1,"featured_media":2357,"parent":0,"menu_order":3,"comment_status":"closed","ping_status":"closed","template":"programacio.php","meta":{"_acf_changed":false,"_themeisle_gutenberg_block_has_review":false,"footnotes":""},"class_list":["post-489","page","type-page","status-publish","has-post-thumbnail","hentry"],"acf":[],"yoast_head":"<!-- This site is optimized with the Yoast SEO plugin v27.4 - https:\/\/yoast.com\/product\/yoast-seo-wordpress\/ -->\n<title>Programming &#8211; IF Barcelona<\/title>\n<meta name=\"description\" content=\"(CAT) IF Barcelona \u00e9s una plataforma internacional de recerca, producci\u00f3 i mostra d&#039;arts esc\u00e8niques vinculades al teatre visual, de figures i titelles.\" \/>\n<meta name=\"robots\" content=\"index, follow, max-snippet:-1, max-image-preview:large, max-video-preview:-1\" \/>\n<link rel=\"canonical\" href=\"https:\/\/ifbarcelona.cat\/en\/\" \/>\n<meta property=\"og:locale\" content=\"en_US\" \/>\n<meta property=\"og:type\" content=\"article\" \/>\n<meta property=\"og:title\" content=\"Programming &#8211; IF Barcelona\" \/>\n<meta property=\"og:description\" content=\"(CAT) IF Barcelona \u00e9s una plataforma internacional de recerca, producci\u00f3 i mostra d&#039;arts esc\u00e8niques vinculades al teatre visual, de figures i titelles.\" \/>\n<meta property=\"og:url\" content=\"https:\/\/ifbarcelona.cat\/en\/\" \/>\n<meta property=\"og:site_name\" content=\"IF Barcelona\" \/>\n<meta property=\"article:modified_time\" content=\"2024-10-23T08:40:40+00:00\" \/>\n<meta property=\"og:image\" content=\"https:\/\/ifbarcelona.cat\/wp-content\/uploads\/2024\/10\/IF2024_BG_RGB_WEB-scaled.jpg\" \/>\n\t<meta property=\"og:image:width\" content=\"2560\" \/>\n\t<meta property=\"og:image:height\" content=\"931\" \/>\n\t<meta property=\"og:image:type\" content=\"image\/jpeg\" \/>\n<meta name=\"twitter:card\" content=\"summary_large_image\" \/>\n<meta name=\"twitter:label1\" content=\"Est. reading time\" \/>\n\t<meta name=\"twitter:data1\" content=\"1 minute\" \/>\n<script type=\"application\/ld+json\" class=\"yoast-schema-graph\">{\"@context\":\"https:\\\/\\\/schema.org\",\"@graph\":[{\"@type\":\"WebPage\",\"@id\":\"https:\\\/\\\/ifbarcelona.cat\\\/en\\\/\",\"url\":\"https:\\\/\\\/ifbarcelona.cat\\\/en\\\/\",\"name\":\"Programming &#8211; IF Barcelona\",\"isPartOf\":{\"@id\":\"https:\\\/\\\/ifbarcelona.cat\\\/en\\\/#website\"},\"primaryImageOfPage\":{\"@id\":\"https:\\\/\\\/ifbarcelona.cat\\\/en\\\/#primaryimage\"},\"image\":{\"@id\":\"https:\\\/\\\/ifbarcelona.cat\\\/#primaryimage\"},\"thumbnailUrl\":\"https:\\\/\\\/ifbarcelona.cat\\\/wp-content\\\/uploads\\\/2024\\\/10\\\/IF2024_BG_RGB_WEB-scaled.jpg\",\"datePublished\":\"2015-09-02T15:13:35+00:00\",\"dateModified\":\"2024-10-23T08:40:40+00:00\",\"description\":\"(CAT) IF Barcelona \u00e9s una plataforma internacional de recerca, producci\u00f3 i mostra d'arts esc\u00e8niques vinculades al teatre visual, de figures i titelles.\",\"breadcrumb\":{\"@id\":\"https:\\\/\\\/ifbarcelona.cat\\\/en\\\/#breadcrumb\"},\"inLanguage\":\"en-US\",\"potentialAction\":[{\"@type\":\"ReadAction\",\"target\":[[\"https:\\\/\\\/ifbarcelona.cat\\\/en\\\/\"]]}]},{\"@type\":\"ImageObject\",\"inLanguage\":\"en-US\",\"@id\":\"https:\\\/\\\/ifbarcelona.cat\\\/en\\\/#primaryimage\",\"url\":\"https:\\\/\\\/ifbarcelona.cat\\\/wp-content\\\/uploads\\\/2024\\\/10\\\/IF2024_BG_RGB_WEB-scaled.jpg\",\"contentUrl\":\"https:\\\/\\\/ifbarcelona.cat\\\/wp-content\\\/uploads\\\/2024\\\/10\\\/IF2024_BG_RGB_WEB-scaled.jpg\",\"width\":2560,\"height\":931},{\"@type\":\"BreadcrumbList\",\"@id\":\"https:\\\/\\\/ifbarcelona.cat\\\/en\\\/#breadcrumb\",\"itemListElement\":[{\"@type\":\"ListItem\",\"position\":1,\"name\":\"Inici\",\"item\":\"https:\\\/\\\/ifbarcelona.cat\\\/en\\\/\"},{\"@type\":\"ListItem\",\"position\":2,\"name\":\"Programaci\u00f3\"}]},{\"@type\":\"WebSite\",\"@id\":\"https:\\\/\\\/ifbarcelona.cat\\\/en\\\/#website\",\"url\":\"https:\\\/\\\/ifbarcelona.cat\\\/en\\\/\",\"name\":\"IF Barcelona\",\"description\":\"Figure and body.\",\"potentialAction\":[{\"@type\":\"SearchAction\",\"target\":{\"@type\":\"EntryPoint\",\"urlTemplate\":\"https:\\\/\\\/ifbarcelona.cat\\\/en\\\/?s={search_term_string}\"},\"query-input\":{\"@type\":\"PropertyValueSpecification\",\"valueRequired\":true,\"valueName\":\"search_term_string\"}}],\"inLanguage\":\"en-US\"}]}<\/script>\n<!-- \/ Yoast SEO plugin. -->","yoast_head_json":{"title":"Programming &#8211; IF Barcelona","description":"(CAT) IF Barcelona \u00e9s una plataforma internacional de recerca, producci\u00f3 i mostra d'arts esc\u00e8niques vinculades al teatre visual, de figures i titelles.","robots":{"index":"index","follow":"follow","max-snippet":"max-snippet:-1","max-image-preview":"max-image-preview:large","max-video-preview":"max-video-preview:-1"},"canonical":"https:\/\/ifbarcelona.cat\/en\/","og_locale":"en_US","og_type":"article","og_title":"Programming &#8211; IF Barcelona","og_description":"(CAT) IF Barcelona \u00e9s una plataforma internacional de recerca, producci\u00f3 i mostra d'arts esc\u00e8niques vinculades al teatre visual, de figures i titelles.","og_url":"https:\/\/ifbarcelona.cat\/en\/","og_site_name":"IF Barcelona","article_modified_time":"2024-10-23T08:40:40+00:00","og_image":[{"width":2560,"height":931,"url":"https:\/\/ifbarcelona.cat\/wp-content\/uploads\/2024\/10\/IF2024_BG_RGB_WEB-scaled.jpg","type":"image\/jpeg"}],"twitter_card":"summary_large_image","twitter_misc":{"Est. reading time":"1 minute"},"schema":{"@context":"https:\/\/schema.org","@graph":[{"@type":"WebPage","@id":"https:\/\/ifbarcelona.cat\/en\/","url":"https:\/\/ifbarcelona.cat\/en\/","name":"Programming &#8211; IF Barcelona","isPartOf":{"@id":"https:\/\/ifbarcelona.cat\/en\/#website"},"primaryImageOfPage":{"@id":"https:\/\/ifbarcelona.cat\/en\/#primaryimage"},"image":{"@id":"https:\/\/ifbarcelona.cat\/#primaryimage"},"thumbnailUrl":"https:\/\/ifbarcelona.cat\/wp-content\/uploads\/2024\/10\/IF2024_BG_RGB_WEB-scaled.jpg","datePublished":"2015-09-02T15:13:35+00:00","dateModified":"2024-10-23T08:40:40+00:00","description":"(CAT) IF Barcelona \u00e9s una plataforma internacional de recerca, producci\u00f3 i mostra d'arts esc\u00e8niques vinculades al teatre visual, de figures i titelles.","breadcrumb":{"@id":"https:\/\/ifbarcelona.cat\/en\/#breadcrumb"},"inLanguage":"en-US","potentialAction":[{"@type":"ReadAction","target":[["https:\/\/ifbarcelona.cat\/en\/"]]}]},{"@type":"ImageObject","inLanguage":"en-US","@id":"https:\/\/ifbarcelona.cat\/en\/#primaryimage","url":"https:\/\/ifbarcelona.cat\/wp-content\/uploads\/2024\/10\/IF2024_BG_RGB_WEB-scaled.jpg","contentUrl":"https:\/\/ifbarcelona.cat\/wp-content\/uploads\/2024\/10\/IF2024_BG_RGB_WEB-scaled.jpg","width":2560,"height":931},{"@type":"BreadcrumbList","@id":"https:\/\/ifbarcelona.cat\/en\/#breadcrumb","itemListElement":[{"@type":"ListItem","position":1,"name":"Inici","item":"https:\/\/ifbarcelona.cat\/en\/"},{"@type":"ListItem","position":2,"name":"Programaci\u00f3"}]},{"@type":"WebSite","@id":"https:\/\/ifbarcelona.cat\/en\/#website","url":"https:\/\/ifbarcelona.cat\/en\/","name":"IF Barcelona","description":"Figure and body.","potentialAction":[{"@type":"SearchAction","target":{"@type":"EntryPoint","urlTemplate":"https:\/\/ifbarcelona.cat\/en\/?s={search_term_string}"},"query-input":{"@type":"PropertyValueSpecification","valueRequired":true,"valueName":"search_term_string"}}],"inLanguage":"en-US"}]}},"_links":{"self":[{"href":"https:\/\/ifbarcelona.cat\/en\/wp-json\/wp\/v2\/pages\/489","targetHints":{"allow":["GET"]}}],"collection":[{"href":"https:\/\/ifbarcelona.cat\/en\/wp-json\/wp\/v2\/pages"}],"about":[{"href":"https:\/\/ifbarcelona.cat\/en\/wp-json\/wp\/v2\/types\/page"}],"author":[{"embeddable":true,"href":"https:\/\/ifbarcelona.cat\/en\/wp-json\/wp\/v2\/users\/1"}],"replies":[{"embeddable":true,"href":"https:\/\/ifbarcelona.cat\/en\/wp-json\/wp\/v2\/comments?post=489"}],"version-history":[{"count":28,"href":"https:\/\/ifbarcelona.cat\/en\/wp-json\/wp\/v2\/pages\/489\/revisions"}],"predecessor-version":[{"id":2495,"href":"https:\/\/ifbarcelona.cat\/en\/wp-json\/wp\/v2\/pages\/489\/revisions\/2495"}],"wp:featuredmedia":[{"embeddable":true,"href":"https:\/\/ifbarcelona.cat\/en\/wp-json\/wp\/v2\/media\/2357"}],"wp:attachment":[{"href":"https:\/\/ifbarcelona.cat\/en\/wp-json\/wp\/v2\/media?parent=489"}],"curies":[{"name":"wp","href":"https:\/\/api.w.org\/{rel}","templated":true}]}}