{"id":24,"date":"2015-07-13T16:23:24","date_gmt":"2015-07-13T16:23:24","guid":{"rendered":"http:\/\/ifbarcelona.cat\/?page_id=24"},"modified":"2026-03-05T16:17:51","modified_gmt":"2026-03-05T16:17:51","slug":"contacte","status":"publish","type":"page","link":"https:\/\/ifbarcelona.cat\/es\/contacte\/","title":{"rendered":"Contacto"},"content":{"rendered":"<p><\/p>\n<h2>IF BARCELONA<\/h2>\n<p data-start=\"0\" data-end=\"164\">IF Barcelona es una plataforma que tiene como objetivo fomentar y visibilizar el mundo del teatro visual, de objetos y de t\u00edteres en todas sus vertientes.<\/p>\n<p data-start=\"166\" data-end=\"618\">No se trata de una programaci\u00f3n de espect\u00e1culos concentrada una vez al a\u00f1o en un espacio determinado, sino de un conjunto de actividades interrelacionadas que se retroalimentan entre s\u00ed y que tienen como finalidad promover la investigaci\u00f3n, la creaci\u00f3n y la difusi\u00f3n de espect\u00e1culos, instalaciones y eventos vinculados a la conjunci\u00f3n entre artes esc\u00e9nicas, artes pl\u00e1sticas y antropolog\u00eda que representan el t\u00edtere y el teatro de objetos.<\/p>\n<p data-start=\"620\" data-end=\"871\">Por ello, IF Barcelona presenta un panel de acciones que mira hacia el futuro, muy atento a las formas esc\u00e9nicas de vanguardia, ya que produce resultados est\u00e9ticos de gran valor que contribuyen a comprender la realidad contempor\u00e1nea.<\/p>\n<p data-start=\"873\" data-end=\"1143\">IF Barcelona naci\u00f3 en 2015, con un simposio acad\u00e9mico en el Institut del Teatre, la edici\u00f3n del libro <em data-start=\"989\" data-end=\"1015\">Figures del Desdoblament<\/em>, una gran exposici\u00f3n y un programa de espect\u00e1culos internacionales en el centro Arts Santa M\u00f2nicade Barcelona.<\/p>\n<p data-start=\"1145\" data-end=\"1596\">IF Barcelona surge del prop\u00f3sito fundacional de la Asociaci\u00f3n Interseccions: generar un contexto s\u00f3lido para la creaci\u00f3n, la investigaci\u00f3n y la formaci\u00f3n en el \u00e1mbito del teatro visual, los t\u00edteres y los objetos.<br data-start=\"1369\" data-end=\"1372\" \/>Esta vocaci\u00f3n, lejos de reducirse a un \u00fanico formato, se ha ido desplegando en un conjunto de iniciativas que, en di\u00e1logo constante, constituyen una plataforma abierta a la experimentaci\u00f3n y la reflexi\u00f3n contempor\u00e1nea.<\/p>\n<p data-start=\"1598\" data-end=\"1847\" data-is-last-node=\"\" data-is-only-node=\"\">Con el tiempo, esta estructura ha tomado forma en torno a tres proyectos principales, que articulan y dan sentido al conjunto: el festival IF Barcelona, las jornadas de pensamiento Teixidores y el programa expandido Objectes Perduts.<\/p>\n<p><br style=\"font-weight: 400;\" \/><br style=\"font-weight: 400;\" \/><\/p>","protected":false},"excerpt":{"rendered":"<p>IF BARCELONA IF Barcelona es una plataforma que tiene como objetivo fomentar y visibilizar el mundo del teatro visual, de objetos y de t\u00edteres en todas sus vertientes. No se trata de una programaci\u00f3n de espect\u00e1culos concentrada una vez al a\u00f1o en un espacio determinado, sino de un conjunto de actividades interrelacionadas que se retroalimentan [&hellip;]<\/p>\n","protected":false},"author":1,"featured_media":0,"parent":0,"menu_order":10,"comment_status":"closed","ping_status":"closed","template":"contacte.php","meta":{"_acf_changed":false,"_themeisle_gutenberg_block_has_review":false,"footnotes":""},"class_list":["post-24","page","type-page","status-publish","hentry"],"acf":[],"yoast_head":"<!-- This site is optimized with the Yoast SEO plugin v27.3 - https:\/\/yoast.com\/product\/yoast-seo-wordpress\/ -->\n<title>Contacto &#8211; IF Barcelona<\/title>\n<meta name=\"description\" content=\"(CAT) If Barcelona \u00e9s una iniciativa amb l\u2019objectiu de mostrar l\u2019actualitat i l\u2019amplitud del camp del teatre visual, de titelles i objectes.\" \/>\n<meta name=\"robots\" content=\"index, follow, max-snippet:-1, max-image-preview:large, max-video-preview:-1\" \/>\n<link rel=\"canonical\" href=\"https:\/\/ifbarcelona.cat\/es\/contacte\/\" \/>\n<meta property=\"og:locale\" content=\"es_ES\" \/>\n<meta property=\"og:type\" content=\"article\" \/>\n<meta property=\"og:title\" content=\"Contacto &#8211; IF Barcelona\" \/>\n<meta property=\"og:description\" content=\"(CAT) If Barcelona \u00e9s una iniciativa amb l\u2019objectiu de mostrar l\u2019actualitat i l\u2019amplitud del camp del teatre visual, de titelles i objectes.\" \/>\n<meta property=\"og:url\" content=\"https:\/\/ifbarcelona.cat\/es\/contacte\/\" \/>\n<meta property=\"og:site_name\" content=\"IF Barcelona\" \/>\n<meta property=\"article:modified_time\" content=\"2026-03-05T16:17:51+00:00\" \/>\n<meta property=\"og:image\" content=\"http:\/\/ifbarcelona.cat\/wp-content\/uploads\/2015\/07\/if2019_home_WEB_v3.jpg\" \/>\n<meta name=\"twitter:card\" content=\"summary_large_image\" \/>\n<meta name=\"twitter:label1\" content=\"Tiempo de lectura\" \/>\n\t<meta name=\"twitter:data1\" content=\"2 minutos\" \/>\n<script type=\"application\/ld+json\" class=\"yoast-schema-graph\">{\"@context\":\"https:\\\/\\\/schema.org\",\"@graph\":[{\"@type\":\"WebPage\",\"@id\":\"https:\\\/\\\/ifbarcelona.cat\\\/es\\\/contacte\\\/\",\"url\":\"https:\\\/\\\/ifbarcelona.cat\\\/es\\\/contacte\\\/\",\"name\":\"Contacto &#8211; IF Barcelona\",\"isPartOf\":{\"@id\":\"https:\\\/\\\/ifbarcelona.cat\\\/es\\\/#website\"},\"datePublished\":\"2015-07-13T16:23:24+00:00\",\"dateModified\":\"2026-03-05T16:17:51+00:00\",\"description\":\"(CAT) If Barcelona \u00e9s una iniciativa amb l\u2019objectiu de mostrar l\u2019actualitat i l\u2019amplitud del camp del teatre visual, de titelles i objectes.\",\"breadcrumb\":{\"@id\":\"https:\\\/\\\/ifbarcelona.cat\\\/es\\\/contacte\\\/#breadcrumb\"},\"inLanguage\":\"es\",\"potentialAction\":[{\"@type\":\"ReadAction\",\"target\":[[\"https:\\\/\\\/ifbarcelona.cat\\\/es\\\/contacte\\\/\"]]}]},{\"@type\":\"BreadcrumbList\",\"@id\":\"https:\\\/\\\/ifbarcelona.cat\\\/es\\\/contacte\\\/#breadcrumb\",\"itemListElement\":[{\"@type\":\"ListItem\",\"position\":1,\"name\":\"Inici\",\"item\":\"https:\\\/\\\/ifbarcelona.cat\\\/es\\\/\"},{\"@type\":\"ListItem\",\"position\":2,\"name\":\"Contacte\"}]},{\"@type\":\"WebSite\",\"@id\":\"https:\\\/\\\/ifbarcelona.cat\\\/es\\\/#website\",\"url\":\"https:\\\/\\\/ifbarcelona.cat\\\/es\\\/\",\"name\":\"IF Barcelona\",\"description\":\"La mirada o el plaer de mirar (dramat\u00f9rgies de la imatge)\",\"potentialAction\":[{\"@type\":\"SearchAction\",\"target\":{\"@type\":\"EntryPoint\",\"urlTemplate\":\"https:\\\/\\\/ifbarcelona.cat\\\/es\\\/?s={search_term_string}\"},\"query-input\":{\"@type\":\"PropertyValueSpecification\",\"valueRequired\":true,\"valueName\":\"search_term_string\"}}],\"inLanguage\":\"es\"}]}<\/script>\n<!-- \/ Yoast SEO plugin. -->","yoast_head_json":{"title":"Contacto &#8211; IF Barcelona","description":"(CAT) If Barcelona \u00e9s una iniciativa amb l\u2019objectiu de mostrar l\u2019actualitat i l\u2019amplitud del camp del teatre visual, de titelles i objectes.","robots":{"index":"index","follow":"follow","max-snippet":"max-snippet:-1","max-image-preview":"max-image-preview:large","max-video-preview":"max-video-preview:-1"},"canonical":"https:\/\/ifbarcelona.cat\/es\/contacte\/","og_locale":"es_ES","og_type":"article","og_title":"Contacto &#8211; IF Barcelona","og_description":"(CAT) If Barcelona \u00e9s una iniciativa amb l\u2019objectiu de mostrar l\u2019actualitat i l\u2019amplitud del camp del teatre visual, de titelles i objectes.","og_url":"https:\/\/ifbarcelona.cat\/es\/contacte\/","og_site_name":"IF Barcelona","article_modified_time":"2026-03-05T16:17:51+00:00","og_image":[{"url":"http:\/\/ifbarcelona.cat\/wp-content\/uploads\/2015\/07\/if2019_home_WEB_v3.jpg","type":"","width":"","height":""}],"twitter_card":"summary_large_image","twitter_misc":{"Tiempo de lectura":"2 minutos"},"schema":{"@context":"https:\/\/schema.org","@graph":[{"@type":"WebPage","@id":"https:\/\/ifbarcelona.cat\/es\/contacte\/","url":"https:\/\/ifbarcelona.cat\/es\/contacte\/","name":"Contacto &#8211; IF Barcelona","isPartOf":{"@id":"https:\/\/ifbarcelona.cat\/es\/#website"},"datePublished":"2015-07-13T16:23:24+00:00","dateModified":"2026-03-05T16:17:51+00:00","description":"(CAT) If Barcelona \u00e9s una iniciativa amb l\u2019objectiu de mostrar l\u2019actualitat i l\u2019amplitud del camp del teatre visual, de titelles i objectes.","breadcrumb":{"@id":"https:\/\/ifbarcelona.cat\/es\/contacte\/#breadcrumb"},"inLanguage":"es","potentialAction":[{"@type":"ReadAction","target":[["https:\/\/ifbarcelona.cat\/es\/contacte\/"]]}]},{"@type":"BreadcrumbList","@id":"https:\/\/ifbarcelona.cat\/es\/contacte\/#breadcrumb","itemListElement":[{"@type":"ListItem","position":1,"name":"Inici","item":"https:\/\/ifbarcelona.cat\/es\/"},{"@type":"ListItem","position":2,"name":"Contacte"}]},{"@type":"WebSite","@id":"https:\/\/ifbarcelona.cat\/es\/#website","url":"https:\/\/ifbarcelona.cat\/es\/","name":"IF Barcelona","description":"La mirada o el plaer de mirar (dramat\u00f9rgies de la imatge)","potentialAction":[{"@type":"SearchAction","target":{"@type":"EntryPoint","urlTemplate":"https:\/\/ifbarcelona.cat\/es\/?s={search_term_string}"},"query-input":{"@type":"PropertyValueSpecification","valueRequired":true,"valueName":"search_term_string"}}],"inLanguage":"es"}]}},"_links":{"self":[{"href":"https:\/\/ifbarcelona.cat\/es\/wp-json\/wp\/v2\/pages\/24","targetHints":{"allow":["GET"]}}],"collection":[{"href":"https:\/\/ifbarcelona.cat\/es\/wp-json\/wp\/v2\/pages"}],"about":[{"href":"https:\/\/ifbarcelona.cat\/es\/wp-json\/wp\/v2\/types\/page"}],"author":[{"embeddable":true,"href":"https:\/\/ifbarcelona.cat\/es\/wp-json\/wp\/v2\/users\/1"}],"replies":[{"embeddable":true,"href":"https:\/\/ifbarcelona.cat\/es\/wp-json\/wp\/v2\/comments?post=24"}],"version-history":[{"count":95,"href":"https:\/\/ifbarcelona.cat\/es\/wp-json\/wp\/v2\/pages\/24\/revisions"}],"predecessor-version":[{"id":2783,"href":"https:\/\/ifbarcelona.cat\/es\/wp-json\/wp\/v2\/pages\/24\/revisions\/2783"}],"wp:attachment":[{"href":"https:\/\/ifbarcelona.cat\/es\/wp-json\/wp\/v2\/media?parent=24"}],"curies":[{"name":"wp","href":"https:\/\/api.w.org\/{rel}","templated":true}]}}