{"id":513,"date":"2015-09-08T15:09:30","date_gmt":"2015-09-08T15:09:30","guid":{"rendered":"http:\/\/ifbarcelona.cat\/?page_id=513"},"modified":"2015-11-06T09:17:37","modified_gmt":"2015-11-06T09:17:37","slug":"avis-legal","status":"publish","type":"page","link":"https:\/\/ifbarcelona.cat\/es\/avis-legal\/","title":{"rendered":"Aviso legal"},"content":{"rendered":"<p>En cumplimiento con el deber de informaci\u00f3n recogido en art\u00edculo 10 de la Ley 34\/2002, de 11 de julio, de Servicios de la Sociedad de la Informaci\u00f3n y del Comercio Electr\u00f3nico a continuaci\u00f3n se declara ifbarcelona.cat como un sitio web\u00a0 gestionado por Associaci\u00f3 Interseccions con NIF G66431255 con domicilio en La Rambla 75, 1, Barcelona (Espa\u00f1a).<\/p>\n<p><strong>1. Responsabilidad<\/strong><br \/>\nToda persona que acceda a este sitio web asume el papel de usuario, comprometi\u00e9ndose a la observancia y cumplimiento riguroso de las disposiciones aqu\u00ed dispuestas, as\u00ed como a cualquier otra disposici\u00f3n legal que fuera de aplicaci\u00f3n.<\/p>\n<p>El prestador se exime de cualquier tipo de responsabilidad derivada de la informaci\u00f3n publicada en su sitio web y por la falta de disponibilidad (ca\u00eddas) del sitio el cual efectuar\u00e1 adem\u00e1s paradas peri\u00f3dicas por mantenimientos t\u00e9cnicos. Adem\u00e1s, el prestador se reserva el derecho a modificar cualquier tipo de informaci\u00f3n que pudiera aparecer en el sitio web, sin que exista obligaci\u00f3n de preavisar o poner en conocimiento de los usuarios dichas obligaciones, entendi\u00e9ndose como suficiente con la publicaci\u00f3n en el sitio web del prestador.<\/p>\n<p><strong>2. Uso de Cookies<\/strong><br \/>\nEl sitio web del prestador puede utilizar cookies (peque\u00f1os archivos de texto que el servidor env\u00eda al ordenador de quien accede a la p\u00e1gina). Se trata de una t\u00e9cnica usada de manera habitual en Internet para llevar a cabo determinadas funciones que son consideradas imprescindibles para el correcto funcionamiento y visualizaci\u00f3n del sitio. Las cookies utilizadas en el sitio web tienen, en todo caso, car\u00e1cter temporal con la \u00fanica finalidad de hacer m\u00e1s eficaz su transmisi\u00f3n ulterior y desaparecen al terminar la sesi\u00f3n del usuario. En ning\u00fan caso se utilizar\u00e1n las cookies para recoger informaci\u00f3n de car\u00e1cter personal.<\/p>\n<p>Desde el sitio web del cliente es posible que se redirija a contenidos de terceros sitios web. Dado que el prestador no puede controlar siempre los contenidos introducidos por los terceros en sus sitios web, \u00e9ste no asume ning\u00fan tipo de responsabilidad respecto a dichos contenidos. En todo caso, el prestador se compromete a la retirada inmediata de cualquier contenido que pudiera contravenir la legislaci\u00f3n nacional o internacional, la moral o el orden p\u00fablico, procediendo a la retirada inmediata de la redirecci\u00f3n a dicho sitio web, poniendo en conocimiento de las autoridades competentes el contenido en cuesti\u00f3n.<\/p>\n<p><strong>3. Protecci\u00f3n de datos personales<\/strong><br \/>\nEl prestador cumple con la normativa espa\u00f1ola de protecci\u00f3n de datos de car\u00e1cter personal, y garantiza el cumplimiento \u00edntegro de las obligaciones dispuestas la Ley Org\u00e1nica 15\/1999, de 13 de diciembre, de Protecci\u00f3n de Datos de Car\u00e1cter Personal (LOPD), el Real Decreto 1720\/2007, de 21 de diciembre, por el que se aprueba el Reglamento de desarrollo de la LOPD y dem\u00e1s normativa vigente en cada momento, y vela por garantizar un correcto uso y tratamiento de los datos personales del usuario.<\/p>\n<p><strong>4. Pol\u00edtica anti-spam<\/strong><br \/>\nEl prestador se declara completamente en contra del env\u00edo de comunicaciones comerciales no solicitadas y a cualquier tipo de conducta o manifestaci\u00f3n conocida como \u201cspam\u201d, asimismo se declara comprometido con la lucha contra este tipo de pr\u00e1cticas abusivas.<\/p>\n<p>Por tanto, el prestador garantiza al usuario a que bajo ning\u00fan concepto los datos personales recogidos en el sitio web ser\u00e1n cedidos, compartidos, transferidos, ni vendidos a ning\u00fan tercero.<\/p>\n<p>Por las mismas razones, el proceso de registro no debe ser utilizado para inscribir direcciones de correo de personas ajenas sin el consentimiento expreso de las personas afectadas. Ifbarcelona.cat implementa como contramedida a esta pr\u00e1cticas una lista de correo de tipo double opt-in que necesita la confirmaci\u00f3n explicita por parte del titular de la cuenta de correo electr\u00f3nico indicada como direcci\u00f3n de suscripci\u00f3n, antes de recibir comunicaciones por correo electr\u00f3nico.<\/p>\n<p>En el caso de que aun as\u00ed un usuario reciba comunicaciones de este sitio web sin haberse registrado, o sin haber dado su consentimiento expreso a dicho registro, puede cancelar la suscripci\u00f3n desde los enlaces que se proporcionan en la propia comunicaci\u00f3n.<br \/>\nAdem\u00e1s, el usuario puede ponerse en contacto con nosotros a trav\u00e9s del formulario de contacto que se mantiene en el sitio web, tanto para comunicar lo sucedido como para solicitar la eliminaci\u00f3n inmediata de sus datos de nuestro sistema.<\/p>\n<p><strong>5. Google Analytics<\/strong><br \/>\nGoogle Analytics es un servicio an\u00e1lisis de datos estad\u00edsticas prestado por la empresa Google (pol\u00edtica de privacidad). Ifbarcelona.cat utiliza este servicio para realizar un seguimiento de las estad\u00edsticas de uso del mismo.<\/p>\n<p>Google Analytics utiliza cookies para ayudar al sitio web a analizar datos estad\u00edsticos sobre el uso del mismo (n\u00famero de visitas totales, p\u00e1ginas m\u00e1s vistas, etc.). La informaci\u00f3n que genera la cookie (incluyendo su direcci\u00f3n IP) ser\u00e1 directamente transmitida y archivada por Google en los servidores de Estados Unidos.<\/p>\n<p>Google usar\u00e1 esta informaci\u00f3n por cuenta nuestra con el prop\u00f3sito de generar informaci\u00f3n estad\u00edsticas sobre el uso de Ifbarcelona.cat, Google no asociar\u00e1 su direcci\u00f3n IP con ning\u00fan otro dato del que disponga Google. Google podr\u00e1 transmitir dicha informaci\u00f3n a terceros cuando as\u00ed se lo requiera la legislaci\u00f3n, o cuando dichos terceros procesen la informaci\u00f3n por cuenta de Google.<\/p>\n<p>Puede Usted rechazar el tratamiento de los datos o la informaci\u00f3n rechazando el uso de cookies mediante la selecci\u00f3n de la configuraci\u00f3n apropiada de su navegador, sin embargo, de hacerlo, limitar\u00e1 la plena funcionabilidad de Ifbarcelona.cat. Al utilizar este sitio web, da su consentimiento al tratamiento de informaci\u00f3n por Google en la forma y para los fines arriba indicados.<\/p>\n<p><strong>6. Consentimiento al tratamiento de los datos personales del usuario<\/strong><br \/>\nEn el marco de sus actividades, Ifbarcelona.cat dispone de la posibilidad de registro de usuarios para el env\u00edo de comunicaciones por correo electr\u00f3nico, efectuar comentarios en el blog y enviar mensajes a trav\u00e9s del formulario de contacto.<\/p>\n<p>El usuario mediante los actos de suscripci\u00f3n al blog, la realizaci\u00f3n comentarios o el formulario de contacto estar\u00e1 dando su consentimiento expreso al tratamiento de los personales proporcionados seg\u00fan lo dispuesto en el art\u00edculo 6 de la LOPD. El usuario podr\u00e1 ejercer sus derechos en los t\u00e9rminos dispuestos por el art\u00edculo 5 de la LOPD.<\/p>\n<p>Estos mismos actos implican asimismo el consentimiento expreso del usuario a la transferencia internacional de datos que se produce en t\u00e9rminos de la LOPD debido a la ubicaci\u00f3n f\u00edsica de las instalaciones de los proveedores arriba mencionados.<\/p>\n<p>Los datos de car\u00e1cter personal solicitados en estas actividades, quedar\u00e1n incorporados a un fichero cuya finalidad es la comunicaci\u00f3n de novedades relativas al sitio web de Ifbarcelona.cat actuando como responsable del fichero el prestador. Los campos marcados con asterisco son de cumplimentaci\u00f3n obligatoria, siendo imposible realizar la finalidad expresada si no se aportan estos datos. Queda igualmente informado de la posibilidad de ejercitar los derechos que se indican en el apartado relativo a los Derechos del usuario.<\/p>\n<p><strong>7. Derechos del usuario<\/strong><br \/>\nDe conformidad con lo establecido en el art\u00edculo 5 de la LOPD, se informa al usuario que la finalidad exclusiva de la base de datos de registro es el env\u00edo de informaci\u00f3n sobre novedades relacionadas con el sitio web Ifbarcelona.cat. \u00danicamente los titulares tendr\u00e1n acceso a sus datos, y bajo ning\u00fan concepto, estos datos ser\u00e1n cedidos, compartidos, transferidos, ni vendidos a ning\u00fan tercero.<\/p>\n<p>De acuerdo con lo dispuesto en la LOPD, el usuario en cualquier momento podr\u00e1 ejercitar sus derechos de acceso, rectificaci\u00f3n, cancelaci\u00f3n, y oposici\u00f3n ante el prestador.<\/p>\n<p>Para facilitar el ejercicio de estos derechos se facilita en todas las comunicaciones un enlace de solicitud de baja que redundar\u00e1 en la eliminaci\u00f3n inmediata de los datos personales del usuario de nuestra base de datos.<\/p>\n<p><strong>8. Enlaces de afiliaci\u00f3n<\/strong><br \/>\nIfbarcelona.cat utiliza ocasionalmente enlaces de afiliaci\u00f3n de productos y servicios de marcas que hayan establecido un programa de afiliados. Estos enlaces se usan exclusivamente despu\u00e9s de hacer usado dichos productos y servicios, o bien, haber realizado pruebas que permitan valorar que cumplen con un adecuado nivel de calidad.<\/p>\n<p>El prestador se compromete a no incluir enlaces afiliados arbitrarios a productos que no cumplan con las condiciones antes descritas entendiendo adem\u00e1s que este tipo de pr\u00e1cticas resultar\u00edan muy contraproducentes para la reputaci\u00f3n del propio sitio web que los promociona.<\/p>\n<p><strong>9. Propiedad Intelectual y uso de los contenidos<\/strong><br \/>\nEl sitio web Ifbarcelona.cat, incluyendo a t\u00edtulo enunciativo pero no limitativo su programaci\u00f3n, edici\u00f3n, compilaci\u00f3n y dem\u00e1s elementos necesarios para su funcionamiento, los dise\u00f1os, logotipos, texto y\/o gr\u00e1ficos son propiedad del prestador o en su caso dispone de licencia o autorizaci\u00f3n expresa por parte de los autores.<\/p>\n<p>Ifbarcelona.cat otorga al usuario una licencia Creative Commons Reconocimiento-NoComercial-CompartirIgual 3.0 cuyos t\u00e9rminos exactos se pueden consultar en este enlace.<\/p>\n<p>Cualquier uso no autorizado previamente por parte del prestador ser\u00e1 considerado un incumplimiento grave de los derechos de propiedad intelectual o industrial del autor.<\/p>\n<p>Los dise\u00f1os, logotipos, texto y\/o gr\u00e1ficos ajenos al prestador y que pudieran aparecer en el sitio web, pertenecen a sus respectivos propietarios, siendo ellos mismos responsables de cualquier posible controversia que pudiera suscitarse respecto a los mismos. En todo caso, el prestador cuenta con la autorizaci\u00f3n expresa y previa por parte de los mismos.<\/p>\n<p>Para realizar cualquier tipo de observaci\u00f3n respecto a posibles incumplimientos de los derechos de propiedad intelectual o industrial, as\u00ed como sobre cualquiera de los contenidos del sitio web, puede hacerlo a trav\u00e9s del formulario de contacto que se mantiene en el sitio web.<\/p>\n<p><strong>10. Ley Aplicable y Jurisdicci\u00f3n<\/strong><br \/>\nPara la resoluci\u00f3n de todas las controversias o cuestiones relacionadas con el presente sitio web o de las actividades en \u00e9l desarrolladas, ser\u00e1 de aplicaci\u00f3n la legislaci\u00f3n espa\u00f1ola y a los tribunales de la jurisdicci\u00f3n de Barcelona, a la que se someten expresamente las partes.<\/p>\n","protected":false},"excerpt":{"rendered":"<p>En cumplimiento con el deber de informaci\u00f3n recogido en art\u00edculo 10 de la Ley 34\/2002, de 11 de julio, de Servicios de la Sociedad de la Informaci\u00f3n y del Comercio Electr\u00f3nico a continuaci\u00f3n se declara ifbarcelona.cat como un sitio web\u00a0 gestionado por Associaci\u00f3 Interseccions con NIF G66431255 con domicilio en La Rambla 75, 1, Barcelona [&hellip;]<\/p>\n","protected":false},"author":1,"featured_media":0,"parent":0,"menu_order":6,"comment_status":"open","ping_status":"open","template":"","meta":{"_acf_changed":false,"_themeisle_gutenberg_block_has_review":false,"footnotes":""},"class_list":["post-513","page","type-page","status-publish","hentry"],"acf":[],"yoast_head":"<!-- This site is optimized with the Yoast SEO plugin v27.3 - https:\/\/yoast.com\/product\/yoast-seo-wordpress\/ -->\n<title>Aviso legal &#8211; IF Barcelona<\/title>\n<meta name=\"robots\" content=\"index, follow, max-snippet:-1, max-image-preview:large, max-video-preview:-1\" \/>\n<link rel=\"canonical\" href=\"https:\/\/ifbarcelona.cat\/es\/avis-legal\/\" \/>\n<meta property=\"og:locale\" content=\"es_ES\" \/>\n<meta property=\"og:type\" content=\"article\" \/>\n<meta property=\"og:title\" content=\"Aviso legal &#8211; IF Barcelona\" \/>\n<meta property=\"og:description\" content=\"En cumplimiento con el deber de informaci\u00f3n recogido en art\u00edculo 10 de la Ley 34\/2002, de 11 de julio, de Servicios de la Sociedad de la Informaci\u00f3n y del Comercio Electr\u00f3nico a continuaci\u00f3n se declara ifbarcelona.cat como un sitio web\u00a0 gestionado por Associaci\u00f3 Interseccions con NIF G66431255 con domicilio en La Rambla 75, 1, Barcelona [&hellip;]\" \/>\n<meta property=\"og:url\" content=\"https:\/\/ifbarcelona.cat\/es\/avis-legal\/\" \/>\n<meta property=\"og:site_name\" content=\"IF Barcelona\" \/>\n<meta property=\"article:modified_time\" content=\"2015-11-06T09:17:37+00:00\" \/>\n<meta property=\"og:image\" content=\"http:\/\/ifbarcelona.cat\/wp-content\/uploads\/2015\/07\/if2019_home_WEB_v3.jpg\" \/>\n<meta name=\"twitter:card\" content=\"summary_large_image\" \/>\n<meta name=\"twitter:label1\" content=\"Tiempo de lectura\" \/>\n\t<meta name=\"twitter:data1\" content=\"8 minutos\" \/>\n<script type=\"application\/ld+json\" class=\"yoast-schema-graph\">{\"@context\":\"https:\\\/\\\/schema.org\",\"@graph\":[{\"@type\":\"WebPage\",\"@id\":\"https:\\\/\\\/ifbarcelona.cat\\\/es\\\/avis-legal\\\/\",\"url\":\"https:\\\/\\\/ifbarcelona.cat\\\/es\\\/avis-legal\\\/\",\"name\":\"Aviso legal &#8211; IF Barcelona\",\"isPartOf\":{\"@id\":\"https:\\\/\\\/ifbarcelona.cat\\\/es\\\/#website\"},\"datePublished\":\"2015-09-08T15:09:30+00:00\",\"dateModified\":\"2015-11-06T09:17:37+00:00\",\"breadcrumb\":{\"@id\":\"https:\\\/\\\/ifbarcelona.cat\\\/es\\\/avis-legal\\\/#breadcrumb\"},\"inLanguage\":\"es\",\"potentialAction\":[{\"@type\":\"ReadAction\",\"target\":[[\"https:\\\/\\\/ifbarcelona.cat\\\/es\\\/avis-legal\\\/\"]]}]},{\"@type\":\"BreadcrumbList\",\"@id\":\"https:\\\/\\\/ifbarcelona.cat\\\/es\\\/avis-legal\\\/#breadcrumb\",\"itemListElement\":[{\"@type\":\"ListItem\",\"position\":1,\"name\":\"Inici\",\"item\":\"https:\\\/\\\/ifbarcelona.cat\\\/es\\\/\"},{\"@type\":\"ListItem\",\"position\":2,\"name\":\"Av\u00eds legal\"}]},{\"@type\":\"WebSite\",\"@id\":\"https:\\\/\\\/ifbarcelona.cat\\\/es\\\/#website\",\"url\":\"https:\\\/\\\/ifbarcelona.cat\\\/es\\\/\",\"name\":\"IF Barcelona\",\"description\":\"La mirada o el plaer de mirar (dramat\u00f9rgies de la imatge)\",\"potentialAction\":[{\"@type\":\"SearchAction\",\"target\":{\"@type\":\"EntryPoint\",\"urlTemplate\":\"https:\\\/\\\/ifbarcelona.cat\\\/es\\\/?s={search_term_string}\"},\"query-input\":{\"@type\":\"PropertyValueSpecification\",\"valueRequired\":true,\"valueName\":\"search_term_string\"}}],\"inLanguage\":\"es\"}]}<\/script>\n<!-- \/ Yoast SEO plugin. -->","yoast_head_json":{"title":"Aviso legal &#8211; IF Barcelona","robots":{"index":"index","follow":"follow","max-snippet":"max-snippet:-1","max-image-preview":"max-image-preview:large","max-video-preview":"max-video-preview:-1"},"canonical":"https:\/\/ifbarcelona.cat\/es\/avis-legal\/","og_locale":"es_ES","og_type":"article","og_title":"Aviso legal &#8211; IF Barcelona","og_description":"En cumplimiento con el deber de informaci\u00f3n recogido en art\u00edculo 10 de la Ley 34\/2002, de 11 de julio, de Servicios de la Sociedad de la Informaci\u00f3n y del Comercio Electr\u00f3nico a continuaci\u00f3n se declara ifbarcelona.cat como un sitio web\u00a0 gestionado por Associaci\u00f3 Interseccions con NIF G66431255 con domicilio en La Rambla 75, 1, Barcelona [&hellip;]","og_url":"https:\/\/ifbarcelona.cat\/es\/avis-legal\/","og_site_name":"IF Barcelona","article_modified_time":"2015-11-06T09:17:37+00:00","og_image":[{"url":"http:\/\/ifbarcelona.cat\/wp-content\/uploads\/2015\/07\/if2019_home_WEB_v3.jpg","type":"","width":"","height":""}],"twitter_card":"summary_large_image","twitter_misc":{"Tiempo de lectura":"8 minutos"},"schema":{"@context":"https:\/\/schema.org","@graph":[{"@type":"WebPage","@id":"https:\/\/ifbarcelona.cat\/es\/avis-legal\/","url":"https:\/\/ifbarcelona.cat\/es\/avis-legal\/","name":"Aviso legal &#8211; IF Barcelona","isPartOf":{"@id":"https:\/\/ifbarcelona.cat\/es\/#website"},"datePublished":"2015-09-08T15:09:30+00:00","dateModified":"2015-11-06T09:17:37+00:00","breadcrumb":{"@id":"https:\/\/ifbarcelona.cat\/es\/avis-legal\/#breadcrumb"},"inLanguage":"es","potentialAction":[{"@type":"ReadAction","target":[["https:\/\/ifbarcelona.cat\/es\/avis-legal\/"]]}]},{"@type":"BreadcrumbList","@id":"https:\/\/ifbarcelona.cat\/es\/avis-legal\/#breadcrumb","itemListElement":[{"@type":"ListItem","position":1,"name":"Inici","item":"https:\/\/ifbarcelona.cat\/es\/"},{"@type":"ListItem","position":2,"name":"Av\u00eds legal"}]},{"@type":"WebSite","@id":"https:\/\/ifbarcelona.cat\/es\/#website","url":"https:\/\/ifbarcelona.cat\/es\/","name":"IF Barcelona","description":"La mirada o el plaer de mirar (dramat\u00f9rgies de la imatge)","potentialAction":[{"@type":"SearchAction","target":{"@type":"EntryPoint","urlTemplate":"https:\/\/ifbarcelona.cat\/es\/?s={search_term_string}"},"query-input":{"@type":"PropertyValueSpecification","valueRequired":true,"valueName":"search_term_string"}}],"inLanguage":"es"}]}},"_links":{"self":[{"href":"https:\/\/ifbarcelona.cat\/es\/wp-json\/wp\/v2\/pages\/513","targetHints":{"allow":["GET"]}}],"collection":[{"href":"https:\/\/ifbarcelona.cat\/es\/wp-json\/wp\/v2\/pages"}],"about":[{"href":"https:\/\/ifbarcelona.cat\/es\/wp-json\/wp\/v2\/types\/page"}],"author":[{"embeddable":true,"href":"https:\/\/ifbarcelona.cat\/es\/wp-json\/wp\/v2\/users\/1"}],"replies":[{"embeddable":true,"href":"https:\/\/ifbarcelona.cat\/es\/wp-json\/wp\/v2\/comments?post=513"}],"version-history":[{"count":4,"href":"https:\/\/ifbarcelona.cat\/es\/wp-json\/wp\/v2\/pages\/513\/revisions"}],"predecessor-version":[{"id":824,"href":"https:\/\/ifbarcelona.cat\/es\/wp-json\/wp\/v2\/pages\/513\/revisions\/824"}],"wp:attachment":[{"href":"https:\/\/ifbarcelona.cat\/es\/wp-json\/wp\/v2\/media?parent=513"}],"curies":[{"name":"wp","href":"https:\/\/api.w.org\/{rel}","templated":true}]}}