{"id":94,"date":"2015-07-15T12:16:25","date_gmt":"2015-07-15T12:16:25","guid":{"rendered":"http:\/\/ifbarcelona.cat\/?page_id=94"},"modified":"2015-08-26T17:11:27","modified_gmt":"2015-08-26T17:11:27","slug":"la-fabrica-i-els-artistes","status":"publish","type":"page","link":"https:\/\/ifbarcelona.cat\/es\/figures-del-desdoblament-titelles-maquines-i-fils\/la-fabrica-i-els-artistes\/","title":{"rendered":"La f\u00e1brica de los artistas"},"content":{"rendered":"<p>El inter\u00e9s que suscita hoy en d\u00eda el mundo del objeto y la iconograf\u00eda esencial del teatro de t\u00edteres es fruto de un trabajo intenso de muchos artistas. Desde el final de la d\u00e9cada de 1960 y principios de los 70, la codificaci\u00f3n del t\u00edtere ha incorporado a las viejas tradiciones todas las inquietudes del arte contempor\u00e1neo. Pintores, escultores, artistas pl\u00e1sticos en general y escritores han encontrado en el t\u00edtere una forma de expresar la realidad dual del individuo contempor\u00e1neo, su alienaci\u00f3n y sus proyecciones. La experiencia acumulada de los profesionales en los \u00faltimos 40 a\u00f1os hace que, hoy, este oficio se haya convertido en una forma s\u00f3lida de comunicaci\u00f3n art\u00edstica de la realidad.<\/p>\n<p>En esta secci\u00f3n, se encuentra representado todo el sector en una exhaustiva base de datos. Pueden consultarse im\u00e1genes, textos y pel\u00edculas. Una realidad de una riqueza extraordinaria, con compa\u00f1\u00edas hist\u00f3ricas que nunca han dejado de trabajar duro, a\u00f1o tras a\u00f1o, y una explosi\u00f3n de nuevos creadores con ganas de cambiar las tradiciones y explorar los nuevos caminos que nos sugieren la tecnolog\u00eda, los nuevos materiales y las diferentes perspectivas de futuro.<\/p>","protected":false},"excerpt":{"rendered":"<p>El inter\u00e9s que suscita hoy en d\u00eda el mundo del objeto y la iconograf\u00eda esencial del teatro de t\u00edteres es fruto de un trabajo intenso de muchos artistas. Desde el final de la d\u00e9cada de 1960 y principios de los 70, la codificaci\u00f3n del t\u00edtere ha incorporado a las viejas tradiciones todas las inquietudes del [&hellip;]<\/p>\n","protected":false},"author":1,"featured_media":370,"parent":91,"menu_order":8,"comment_status":"open","ping_status":"open","template":"lafabrica.php","meta":{"_acf_changed":false,"_themeisle_gutenberg_block_has_review":false,"footnotes":""},"class_list":["post-94","page","type-page","status-publish","has-post-thumbnail","hentry"],"acf":[],"yoast_head":"<!-- This site is optimized with the Yoast SEO plugin v27.4 - https:\/\/yoast.com\/product\/yoast-seo-wordpress\/ -->\n<title>La f\u00e1brica de los artistas &#8211; IF Barcelona<\/title>\n<meta name=\"robots\" content=\"index, follow, max-snippet:-1, max-image-preview:large, max-video-preview:-1\" \/>\n<link rel=\"canonical\" href=\"https:\/\/ifbarcelona.cat\/es\/figures-del-desdoblament-titelles-maquines-i-fils\/la-fabrica-i-els-artistes\/\" \/>\n<meta property=\"og:locale\" content=\"es_ES\" \/>\n<meta property=\"og:type\" content=\"article\" \/>\n<meta property=\"og:title\" content=\"La f\u00e1brica de los artistas &#8211; IF Barcelona\" \/>\n<meta property=\"og:description\" content=\"El inter\u00e9s que suscita hoy en d\u00eda el mundo del objeto y la iconograf\u00eda esencial del teatro de t\u00edteres es fruto de un trabajo intenso de muchos artistas. Desde el final de la d\u00e9cada de 1960 y principios de los 70, la codificaci\u00f3n del t\u00edtere ha incorporado a las viejas tradiciones todas las inquietudes del [&hellip;]\" \/>\n<meta property=\"og:url\" content=\"https:\/\/ifbarcelona.cat\/es\/figures-del-desdoblament-titelles-maquines-i-fils\/la-fabrica-i-els-artistes\/\" \/>\n<meta property=\"og:site_name\" content=\"IF Barcelona\" \/>\n<meta property=\"article:modified_time\" content=\"2015-08-26T17:11:27+00:00\" \/>\n<meta property=\"og:image\" content=\"http:\/\/ifbarcelona.cat\/wp-content\/uploads\/2015\/07\/202081-1-725x1024.jpg\" \/>\n\t<meta property=\"og:image:width\" content=\"725\" \/>\n\t<meta property=\"og:image:height\" content=\"1024\" \/>\n\t<meta property=\"og:image:type\" content=\"image\/jpeg\" \/>\n<meta name=\"twitter:card\" content=\"summary_large_image\" \/>\n<meta name=\"twitter:label1\" content=\"Tiempo de lectura\" \/>\n\t<meta name=\"twitter:data1\" content=\"3 minutos\" \/>\n<script type=\"application\/ld+json\" class=\"yoast-schema-graph\">{\"@context\":\"https:\\\/\\\/schema.org\",\"@graph\":[{\"@type\":\"WebPage\",\"@id\":\"https:\\\/\\\/ifbarcelona.cat\\\/es\\\/figures-del-desdoblament-titelles-maquines-i-fils\\\/la-fabrica-i-els-artistes\\\/\",\"url\":\"https:\\\/\\\/ifbarcelona.cat\\\/es\\\/figures-del-desdoblament-titelles-maquines-i-fils\\\/la-fabrica-i-els-artistes\\\/\",\"name\":\"La f\u00e1brica de los artistas &#8211; IF Barcelona\",\"isPartOf\":{\"@id\":\"https:\\\/\\\/ifbarcelona.cat\\\/es\\\/#website\"},\"primaryImageOfPage\":{\"@id\":\"https:\\\/\\\/ifbarcelona.cat\\\/es\\\/figures-del-desdoblament-titelles-maquines-i-fils\\\/la-fabrica-i-els-artistes\\\/#primaryimage\"},\"image\":{\"@id\":\"https:\\\/\\\/ifbarcelona.cat\\\/figures-del-desdoblament-titelles-maquines-i-fils\\\/la-fabrica-i-els-artistes\\\/#primaryimage\"},\"thumbnailUrl\":\"https:\\\/\\\/ifbarcelona.cat\\\/wp-content\\\/uploads\\\/2015\\\/07\\\/202081-1.jpg\",\"datePublished\":\"2015-07-15T12:16:25+00:00\",\"dateModified\":\"2015-08-26T17:11:27+00:00\",\"breadcrumb\":{\"@id\":\"https:\\\/\\\/ifbarcelona.cat\\\/es\\\/figures-del-desdoblament-titelles-maquines-i-fils\\\/la-fabrica-i-els-artistes\\\/#breadcrumb\"},\"inLanguage\":\"es\",\"potentialAction\":[{\"@type\":\"ReadAction\",\"target\":[[\"https:\\\/\\\/ifbarcelona.cat\\\/es\\\/figures-del-desdoblament-titelles-maquines-i-fils\\\/la-fabrica-i-els-artistes\\\/\"]]}]},{\"@type\":\"ImageObject\",\"inLanguage\":\"es\",\"@id\":\"https:\\\/\\\/ifbarcelona.cat\\\/es\\\/figures-del-desdoblament-titelles-maquines-i-fils\\\/la-fabrica-i-els-artistes\\\/#primaryimage\",\"url\":\"https:\\\/\\\/ifbarcelona.cat\\\/wp-content\\\/uploads\\\/2015\\\/07\\\/202081-1.jpg\",\"contentUrl\":\"https:\\\/\\\/ifbarcelona.cat\\\/wp-content\\\/uploads\\\/2015\\\/07\\\/202081-1.jpg\",\"width\":1020,\"height\":1440},{\"@type\":\"BreadcrumbList\",\"@id\":\"https:\\\/\\\/ifbarcelona.cat\\\/es\\\/figures-del-desdoblament-titelles-maquines-i-fils\\\/la-fabrica-i-els-artistes\\\/#breadcrumb\",\"itemListElement\":[{\"@type\":\"ListItem\",\"position\":1,\"name\":\"Inici\",\"item\":\"https:\\\/\\\/ifbarcelona.cat\\\/es\\\/\"},{\"@type\":\"ListItem\",\"position\":2,\"name\":\"Figures del desdoblament. Titelles m\u00e0quines i fils\",\"item\":\"https:\\\/\\\/ifbarcelona.cat\\\/es\\\/figures-del-desdoblament-titelles-maquines-i-fils\\\/\"},{\"@type\":\"ListItem\",\"position\":3,\"name\":\"La f\u00e0brica i els artistes\"}]},{\"@type\":\"WebSite\",\"@id\":\"https:\\\/\\\/ifbarcelona.cat\\\/es\\\/#website\",\"url\":\"https:\\\/\\\/ifbarcelona.cat\\\/es\\\/\",\"name\":\"IF Barcelona\",\"description\":\"La mirada o el plaer de mirar (dramat\u00f9rgies de la imatge)\",\"potentialAction\":[{\"@type\":\"SearchAction\",\"target\":{\"@type\":\"EntryPoint\",\"urlTemplate\":\"https:\\\/\\\/ifbarcelona.cat\\\/es\\\/?s={search_term_string}\"},\"query-input\":{\"@type\":\"PropertyValueSpecification\",\"valueRequired\":true,\"valueName\":\"search_term_string\"}}],\"inLanguage\":\"es\"}]}<\/script>\n<!-- \/ Yoast SEO plugin. -->","yoast_head_json":{"title":"La f\u00e1brica de los artistas &#8211; IF Barcelona","robots":{"index":"index","follow":"follow","max-snippet":"max-snippet:-1","max-image-preview":"max-image-preview:large","max-video-preview":"max-video-preview:-1"},"canonical":"https:\/\/ifbarcelona.cat\/es\/figures-del-desdoblament-titelles-maquines-i-fils\/la-fabrica-i-els-artistes\/","og_locale":"es_ES","og_type":"article","og_title":"La f\u00e1brica de los artistas &#8211; IF Barcelona","og_description":"El inter\u00e9s que suscita hoy en d\u00eda el mundo del objeto y la iconograf\u00eda esencial del teatro de t\u00edteres es fruto de un trabajo intenso de muchos artistas. Desde el final de la d\u00e9cada de 1960 y principios de los 70, la codificaci\u00f3n del t\u00edtere ha incorporado a las viejas tradiciones todas las inquietudes del [&hellip;]","og_url":"https:\/\/ifbarcelona.cat\/es\/figures-del-desdoblament-titelles-maquines-i-fils\/la-fabrica-i-els-artistes\/","og_site_name":"IF Barcelona","article_modified_time":"2015-08-26T17:11:27+00:00","og_image":[{"width":725,"height":1024,"url":"http:\/\/ifbarcelona.cat\/wp-content\/uploads\/2015\/07\/202081-1-725x1024.jpg","type":"image\/jpeg"}],"twitter_card":"summary_large_image","twitter_misc":{"Tiempo de lectura":"3 minutos"},"schema":{"@context":"https:\/\/schema.org","@graph":[{"@type":"WebPage","@id":"https:\/\/ifbarcelona.cat\/es\/figures-del-desdoblament-titelles-maquines-i-fils\/la-fabrica-i-els-artistes\/","url":"https:\/\/ifbarcelona.cat\/es\/figures-del-desdoblament-titelles-maquines-i-fils\/la-fabrica-i-els-artistes\/","name":"La f\u00e1brica de los artistas &#8211; IF Barcelona","isPartOf":{"@id":"https:\/\/ifbarcelona.cat\/es\/#website"},"primaryImageOfPage":{"@id":"https:\/\/ifbarcelona.cat\/es\/figures-del-desdoblament-titelles-maquines-i-fils\/la-fabrica-i-els-artistes\/#primaryimage"},"image":{"@id":"https:\/\/ifbarcelona.cat\/figures-del-desdoblament-titelles-maquines-i-fils\/la-fabrica-i-els-artistes\/#primaryimage"},"thumbnailUrl":"https:\/\/ifbarcelona.cat\/wp-content\/uploads\/2015\/07\/202081-1.jpg","datePublished":"2015-07-15T12:16:25+00:00","dateModified":"2015-08-26T17:11:27+00:00","breadcrumb":{"@id":"https:\/\/ifbarcelona.cat\/es\/figures-del-desdoblament-titelles-maquines-i-fils\/la-fabrica-i-els-artistes\/#breadcrumb"},"inLanguage":"es","potentialAction":[{"@type":"ReadAction","target":[["https:\/\/ifbarcelona.cat\/es\/figures-del-desdoblament-titelles-maquines-i-fils\/la-fabrica-i-els-artistes\/"]]}]},{"@type":"ImageObject","inLanguage":"es","@id":"https:\/\/ifbarcelona.cat\/es\/figures-del-desdoblament-titelles-maquines-i-fils\/la-fabrica-i-els-artistes\/#primaryimage","url":"https:\/\/ifbarcelona.cat\/wp-content\/uploads\/2015\/07\/202081-1.jpg","contentUrl":"https:\/\/ifbarcelona.cat\/wp-content\/uploads\/2015\/07\/202081-1.jpg","width":1020,"height":1440},{"@type":"BreadcrumbList","@id":"https:\/\/ifbarcelona.cat\/es\/figures-del-desdoblament-titelles-maquines-i-fils\/la-fabrica-i-els-artistes\/#breadcrumb","itemListElement":[{"@type":"ListItem","position":1,"name":"Inici","item":"https:\/\/ifbarcelona.cat\/es\/"},{"@type":"ListItem","position":2,"name":"Figures del desdoblament. Titelles m\u00e0quines i fils","item":"https:\/\/ifbarcelona.cat\/es\/figures-del-desdoblament-titelles-maquines-i-fils\/"},{"@type":"ListItem","position":3,"name":"La f\u00e0brica i els artistes"}]},{"@type":"WebSite","@id":"https:\/\/ifbarcelona.cat\/es\/#website","url":"https:\/\/ifbarcelona.cat\/es\/","name":"IF Barcelona","description":"La mirada o el plaer de mirar (dramat\u00f9rgies de la imatge)","potentialAction":[{"@type":"SearchAction","target":{"@type":"EntryPoint","urlTemplate":"https:\/\/ifbarcelona.cat\/es\/?s={search_term_string}"},"query-input":{"@type":"PropertyValueSpecification","valueRequired":true,"valueName":"search_term_string"}}],"inLanguage":"es"}]}},"_links":{"self":[{"href":"https:\/\/ifbarcelona.cat\/es\/wp-json\/wp\/v2\/pages\/94","targetHints":{"allow":["GET"]}}],"collection":[{"href":"https:\/\/ifbarcelona.cat\/es\/wp-json\/wp\/v2\/pages"}],"about":[{"href":"https:\/\/ifbarcelona.cat\/es\/wp-json\/wp\/v2\/types\/page"}],"author":[{"embeddable":true,"href":"https:\/\/ifbarcelona.cat\/es\/wp-json\/wp\/v2\/users\/1"}],"replies":[{"embeddable":true,"href":"https:\/\/ifbarcelona.cat\/es\/wp-json\/wp\/v2\/comments?post=94"}],"version-history":[{"count":6,"href":"https:\/\/ifbarcelona.cat\/es\/wp-json\/wp\/v2\/pages\/94\/revisions"}],"predecessor-version":[{"id":401,"href":"https:\/\/ifbarcelona.cat\/es\/wp-json\/wp\/v2\/pages\/94\/revisions\/401"}],"up":[{"embeddable":true,"href":"https:\/\/ifbarcelona.cat\/es\/wp-json\/wp\/v2\/pages\/91"}],"wp:featuredmedia":[{"embeddable":true,"href":"https:\/\/ifbarcelona.cat\/es\/wp-json\/wp\/v2\/media\/370"}],"wp:attachment":[{"href":"https:\/\/ifbarcelona.cat\/es\/wp-json\/wp\/v2\/media?parent=94"}],"curies":[{"name":"wp","href":"https:\/\/api.w.org\/{rel}","templated":true}]}}